{"id":300,"date":"2022-08-28T12:48:41","date_gmt":"2022-08-28T12:48:41","guid":{"rendered":"https:\/\/dvgr.dk\/?page_id=300"},"modified":"2023-02-23T18:30:05","modified_gmt":"2023-02-23T18:30:05","slug":"300-2","status":"publish","type":"page","link":"https:\/\/dvgr.dk\/","title":{"rendered":""},"content":{"rendered":"[vc_row][vc_column][vc_column_text uncode_shortcode_id=&#8221;177383&#8243;]<\/p>\r\n<p>DV Grafisk<br \/>Bl\u00e5b\u00e6rhaven 1, 7120 Vejle<br \/>Mobil: +45 53 50 34 06<br \/>E-mail: nm@dvgr.dk<br \/>CVR: 43490575<\/p>\r\n\r\n<p>Produkter:<br \/>Udstyr, tilbeh\u00f8r, og forbrugesvarer til den grafiske industri.<\/p>\r\n<p>Products:<br \/>Equipment, accessories, and consumables for the graphic industry.<\/p>\r\n\r\n<p>Agent i Danmark for Flexo Wash, TLS Anilox, og TKM.<br \/>Agent for Flexo Wash, TLS Anilox, and TKM in Denmark.<\/p>\r\n<p><a href=\"https:\/\/www.flexowash.com\/\"><img decoding=\"async\" class=\"size-medium wp-image-111315\" src=\"http:\/\/dvgr.dk\/wp-content\/uploads\/2022\/12\/flexowash_logo_r_7_5_master-e1672071979151-300x80.png\" alt=\"\" width=\"300\" height=\"80\" srcset=\"https:\/\/dvgr.dk\/wp-content\/uploads\/2022\/12\/flexowash_logo_r_7_5_master-e1672071979151-300x80.png 300w, https:\/\/dvgr.dk\/wp-content\/uploads\/2022\/12\/flexowash_logo_r_7_5_master-e1672071979151-1024x274.png 1024w, https:\/\/dvgr.dk\/wp-content\/uploads\/2022\/12\/flexowash_logo_r_7_5_master-e1672071979151-768x205.png 768w, https:\/\/dvgr.dk\/wp-content\/uploads\/2022\/12\/flexowash_logo_r_7_5_master-e1672071979151-1536x411.png 1536w, https:\/\/dvgr.dk\/wp-content\/uploads\/2022\/12\/flexowash_logo_r_7_5_master-e1672071979151-2048x548.png 2048w, https:\/\/dvgr.dk\/wp-content\/uploads\/2022\/12\/flexowash_logo_r_7_5_master-e1672071979151.png 2278w\" sizes=\"(max-width: 300px) 100vw, 300px\" \/><\/a><\/p>\r\n<p><span class=\"font-377884\">Website: <a href=\"https:\/\/www.flexowash.com\/\">https:\/\/www.flexowash.com\/<\/a><\/span><\/p>\r\n<p>&nbsp;<\/p>\r\n<p><a href=\"https:\/\/www.tlsanilox.com\/en\/\"><img decoding=\"async\" class=\"size-medium wp-image-111312\" src=\"http:\/\/dvgr.dk\/wp-content\/uploads\/2022\/12\/tlsanilox-Logo-300x59.jpeg\" alt=\"\" width=\"300\" height=\"59\" srcset=\"https:\/\/dvgr.dk\/wp-content\/uploads\/2022\/12\/tlsanilox-Logo-300x59.jpeg 300w, https:\/\/dvgr.dk\/wp-content\/uploads\/2022\/12\/tlsanilox-Logo-1024x203.jpeg 1024w, https:\/\/dvgr.dk\/wp-content\/uploads\/2022\/12\/tlsanilox-Logo-768x152.jpeg 768w, https:\/\/dvgr.dk\/wp-content\/uploads\/2022\/12\/tlsanilox-Logo-1536x304.jpeg 1536w, https:\/\/dvgr.dk\/wp-content\/uploads\/2022\/12\/tlsanilox-Logo.jpeg 1920w\" sizes=\"(max-width: 300px) 100vw, 300px\" \/><\/a><\/p>\r\n<p><span class=\"font-377884\">Website: <a href=\"https:\/\/www.tlsanilox.com\/en\/\">https:\/\/www.tlsanilox.com\/en\/<\/a><\/span><\/p>\r\n<p><span class=\"font-377884\"><a href=\"https:\/\/www.tkmgroup.com\/en\/doctor-blades-spare-parts-machine-knives\"><img decoding=\"async\" class=\"alignnone size-full wp-image-111273\" src=\"http:\/\/dvgr.dk\/wp-content\/uploads\/2022\/10\/tkm.svg\" alt=\"\" width=\"180\" height=\"89\" \/><\/a><br \/>Website: <a href=\"https:\/\/www.tkmgroup.com\/en\/doctor-blades-spare-parts-machine-knives\">https:\/\/www.tkmgroup.com\/en\/doctor-blades-spare-parts-machine-knives<\/a><\/span><\/p>\r\n<p>\u00a0<\/p>\r\n<p>[\/vc_column_text][\/vc_column][\/vc_row]<\/p>","protected":false},"excerpt":{"rendered":"<p>[vc_row][vc_column][vc_column_text uncode_shortcode_id=&#8221;177383&#8243;] DV GrafiskBl\u00e5b\u00e6rhaven 1, 7120 VejleMobil: +45 53 50 34 06E-mail: nm@dvgr.dkCVR: 43490575 Produkter:Udstyr, tilbeh\u00f8r, og forbrugesvarer til den [&hellip;]<\/p>\n","protected":false},"author":1,"featured_media":0,"parent":0,"menu_order":0,"comment_status":"closed","ping_status":"closed","template":"","meta":{"_monsterinsights_skip_tracking":false,"_monsterinsights_sitenote_active":false,"_monsterinsights_sitenote_note":"","_monsterinsights_sitenote_category":0},"yoast_head":"<!-- This site is optimized with the Yoast SEO plugin v19.8 - https:\/\/yoast.com\/wordpress\/plugins\/seo\/ -->\n<title>- DV Grafisk<\/title>\n<meta name=\"robots\" content=\"index, follow, max-snippet:-1, max-image-preview:large, max-video-preview:-1\" \/>\n<link rel=\"canonical\" href=\"https:\/\/dvgr.dk\/\" \/>\n<meta property=\"og:locale\" content=\"en_US\" \/>\n<meta property=\"og:type\" content=\"article\" \/>\n<meta property=\"og:title\" content=\"- DV Grafisk\" \/>\n<meta property=\"og:description\" content=\"[vc_row][vc_column][vc_column_text uncode_shortcode_id=&#8221;177383&#8243;] DV GrafiskBl\u00e5b\u00e6rhaven 1, 7120 VejleMobil: +45 53 50 34 06E-mail: nm@dvgr.dkCVR: 43490575 Produkter:Udstyr, tilbeh\u00f8r, og forbrugesvarer til den [&hellip;]\" \/>\n<meta property=\"og:url\" content=\"https:\/\/dvgr.dk\/\" \/>\n<meta property=\"og:site_name\" content=\"DV Grafisk\" \/>\n<meta property=\"article:modified_time\" content=\"2023-02-23T18:30:05+00:00\" \/>\n<meta property=\"og:image\" content=\"http:\/\/dvgr.dk\/wp-content\/uploads\/2022\/12\/flexowash_logo_r_7_5_master-e1672071979151-300x80.png\" \/>\n<meta name=\"twitter:card\" content=\"summary_large_image\" \/>\n<meta name=\"twitter:label1\" content=\"Est. reading time\" \/>\n\t<meta name=\"twitter:data1\" content=\"2 minutes\" \/>\n<script type=\"application\/ld+json\" class=\"yoast-schema-graph\">{\"@context\":\"https:\/\/schema.org\",\"@graph\":[{\"@type\":\"WebPage\",\"@id\":\"https:\/\/dvgr.dk\/\",\"url\":\"https:\/\/dvgr.dk\/\",\"name\":\"- DV Grafisk\",\"isPartOf\":{\"@id\":\"https:\/\/dvgr.dk\/#website\"},\"datePublished\":\"2022-08-28T12:48:41+00:00\",\"dateModified\":\"2023-02-23T18:30:05+00:00\",\"inLanguage\":\"en-US\",\"potentialAction\":[{\"@type\":\"ReadAction\",\"target\":[\"https:\/\/dvgr.dk\/\"]}]},{\"@type\":\"WebSite\",\"@id\":\"https:\/\/dvgr.dk\/#website\",\"url\":\"https:\/\/dvgr.dk\/\",\"name\":\"DV Grafisk\",\"description\":\"\",\"potentialAction\":[{\"@type\":\"SearchAction\",\"target\":{\"@type\":\"EntryPoint\",\"urlTemplate\":\"https:\/\/dvgr.dk\/?s={search_term_string}\"},\"query-input\":\"required name=search_term_string\"}],\"inLanguage\":\"en-US\"}]}<\/script>\n<!-- \/ Yoast SEO plugin. -->","yoast_head_json":{"title":"- DV Grafisk","robots":{"index":"index","follow":"follow","max-snippet":"max-snippet:-1","max-image-preview":"max-image-preview:large","max-video-preview":"max-video-preview:-1"},"canonical":"https:\/\/dvgr.dk\/","og_locale":"en_US","og_type":"article","og_title":"- DV Grafisk","og_description":"[vc_row][vc_column][vc_column_text uncode_shortcode_id=&#8221;177383&#8243;] DV GrafiskBl\u00e5b\u00e6rhaven 1, 7120 VejleMobil: +45 53 50 34 06E-mail: nm@dvgr.dkCVR: 43490575 Produkter:Udstyr, tilbeh\u00f8r, og forbrugesvarer til den [&hellip;]","og_url":"https:\/\/dvgr.dk\/","og_site_name":"DV Grafisk","article_modified_time":"2023-02-23T18:30:05+00:00","og_image":[{"url":"http:\/\/dvgr.dk\/wp-content\/uploads\/2022\/12\/flexowash_logo_r_7_5_master-e1672071979151-300x80.png"}],"twitter_card":"summary_large_image","twitter_misc":{"Est. reading time":"2 minutes"},"schema":{"@context":"https:\/\/schema.org","@graph":[{"@type":"WebPage","@id":"https:\/\/dvgr.dk\/","url":"https:\/\/dvgr.dk\/","name":"- DV Grafisk","isPartOf":{"@id":"https:\/\/dvgr.dk\/#website"},"datePublished":"2022-08-28T12:48:41+00:00","dateModified":"2023-02-23T18:30:05+00:00","inLanguage":"en-US","potentialAction":[{"@type":"ReadAction","target":["https:\/\/dvgr.dk\/"]}]},{"@type":"WebSite","@id":"https:\/\/dvgr.dk\/#website","url":"https:\/\/dvgr.dk\/","name":"DV Grafisk","description":"","potentialAction":[{"@type":"SearchAction","target":{"@type":"EntryPoint","urlTemplate":"https:\/\/dvgr.dk\/?s={search_term_string}"},"query-input":"required name=search_term_string"}],"inLanguage":"en-US"}]}},"_links":{"self":[{"href":"https:\/\/dvgr.dk\/index.php?rest_route=\/wp\/v2\/pages\/300"}],"collection":[{"href":"https:\/\/dvgr.dk\/index.php?rest_route=\/wp\/v2\/pages"}],"about":[{"href":"https:\/\/dvgr.dk\/index.php?rest_route=\/wp\/v2\/types\/page"}],"author":[{"embeddable":true,"href":"https:\/\/dvgr.dk\/index.php?rest_route=\/wp\/v2\/users\/1"}],"replies":[{"embeddable":true,"href":"https:\/\/dvgr.dk\/index.php?rest_route=%2Fwp%2Fv2%2Fcomments&post=300"}],"version-history":[{"count":17,"href":"https:\/\/dvgr.dk\/index.php?rest_route=\/wp\/v2\/pages\/300\/revisions"}],"predecessor-version":[{"id":111340,"href":"https:\/\/dvgr.dk\/index.php?rest_route=\/wp\/v2\/pages\/300\/revisions\/111340"}],"wp:attachment":[{"href":"https:\/\/dvgr.dk\/index.php?rest_route=%2Fwp%2Fv2%2Fmedia&parent=300"}],"curies":[{"name":"wp","href":"https:\/\/api.w.org\/{rel}","templated":true}]}}